




{"id":12,"date":"2023-08-21T22:34:24","date_gmt":"2023-08-21T20:34:24","guid":{"rendered":"https:\/\/walterplanche-huissiers-strasbourg.fr\/?page_id=12"},"modified":"2023-08-21T22:35:21","modified_gmt":"2023-08-21T20:35:21","slug":"accueil","status":"publish","type":"page","link":"https:\/\/walterplanche-huissiers-strasbourg.fr\/","title":{"rendered":"Accueil"},"content":{"rendered":"\n<p>Sandrine WALTER, Huissier de Justice, qualifi\u00e9e Commissaire de Justice<br>Cyrielle PLANCHE, Huissier de Justice, qualifi\u00e9e Commissaire de Justice<\/p>\n\n\n\n<p>199 Route d\u2019Oberhausbergen<br>67200 STRASBOURG<\/p>\n\n\n\n<p>T\u00e9l\u00e9phone : 03 88 32 14 91<br>Ligne directe constats : 06 32 44 61 96<br>Email : walterplanche@huissier-justice.fr<\/p>\n\n\n\n<p>Etude ouverte au public<br>du lundi au vendredi de 08h \u00e0 12h et de 14h \u00e0 17h<br>Permanence t\u00e9l\u00e9phonique de 10h \u00e0 12h et de 14h \u00e0 16h<\/p>\n\n\n\n<p>Tram : Arr\u00eat Rotonde \u2013 Bus : Ligne 17 \u2013 Arr\u00eat Sainte Catherine<\/p>\n","protected":false},"excerpt":{"rendered":"<p>Sandrine WALTER, Huissier de Justice, qualifi\u00e9e Commissaire de JusticeCyrielle PLANCHE, Huissier de Justice, qualifi\u00e9e Commissaire de Justice 199 Route d\u2019Oberhausbergen67200 STRASBOURG T\u00e9l\u00e9phone : 03 88 32 14 91Ligne directe constats : 06 32 44 61 96Email : walterplanche@huissier-justice.fr Etude ouverte au publicdu lundi au vendredi de 08h \u00e0 12h et de 14h \u00e0 17hPermanence t\u00e9l\u00e9phonique&hellip;<\/p>\n","protected":false},"author":1,"featured_media":0,"parent":0,"menu_order":0,"comment_status":"closed","ping_status":"closed","template":"","meta":{"footnotes":""},"class_list":["post-12","page","type-page","status-publish","hentry"],"_links":{"self":[{"href":"https:\/\/walterplanche-huissiers-strasbourg.fr\/index.php\/wp-json\/wp\/v2\/pages\/12","targetHints":{"allow":["GET"]}}],"collection":[{"href":"https:\/\/walterplanche-huissiers-strasbourg.fr\/index.php\/wp-json\/wp\/v2\/pages"}],"about":[{"href":"https:\/\/walterplanche-huissiers-strasbourg.fr\/index.php\/wp-json\/wp\/v2\/types\/page"}],"author":[{"embeddable":true,"href":"https:\/\/walterplanche-huissiers-strasbourg.fr\/index.php\/wp-json\/wp\/v2\/users\/1"}],"replies":[{"embeddable":true,"href":"https:\/\/walterplanche-huissiers-strasbourg.fr\/index.php\/wp-json\/wp\/v2\/comments?post=12"}],"version-history":[{"count":2,"href":"https:\/\/walterplanche-huissiers-strasbourg.fr\/index.php\/wp-json\/wp\/v2\/pages\/12\/revisions"}],"predecessor-version":[{"id":17,"href":"https:\/\/walterplanche-huissiers-strasbourg.fr\/index.php\/wp-json\/wp\/v2\/pages\/12\/revisions\/17"}],"wp:attachment":[{"href":"https:\/\/walterplanche-huissiers-strasbourg.fr\/index.php\/wp-json\/wp\/v2\/media?parent=12"}],"curies":[{"name":"wp","href":"https:\/\/api.w.org\/{rel}","templated":true}]}}