




{"id":26,"date":"2023-08-21T23:24:17","date_gmt":"2023-08-21T21:24:17","guid":{"rendered":"https:\/\/walterplanche-huissiers-strasbourg.fr\/?page_id=26"},"modified":"2023-08-21T23:24:17","modified_gmt":"2023-08-21T21:24:17","slug":"contact","status":"publish","type":"page","link":"https:\/\/walterplanche-huissiers-strasbourg.fr\/index.php\/contact\/","title":{"rendered":"Contact"},"content":{"rendered":"\n<p>Sandrine WALTER, Huissier de Justice<br>Cyrielle PLANCHE, Huissier de Justice<\/p>\n\n\n\n<p>199 route d\u2019Oberhausbergen<br>67200 STRASBOURG<\/p>\n\n\n\n<p>T\u00e9l\u00e9phone : 03 88 32 14 91<br>Ligne directe constats : 06 32 44 61 96<br>Email : walterplanche@huissier-justice.fr<\/p>\n\n\n\n<p>Etude ouverte au public<br>du lundi au vendredi de 08h \u00e0 12h et de 14h \u00e0 17h<br>Permanence t\u00e9l\u00e9phonique de 10h \u00e0 12h et de 14h \u00e0 16h<\/p>\n","protected":false},"excerpt":{"rendered":"<p>Sandrine WALTER, Huissier de JusticeCyrielle PLANCHE, Huissier de Justice 199 route d\u2019Oberhausbergen67200 STRASBOURG T\u00e9l\u00e9phone : 03 88 32 14 91Ligne directe constats : 06 32 44 61 96Email : walterplanche@huissier-justice.fr Etude ouverte au publicdu lundi au vendredi de 08h \u00e0 12h et de 14h \u00e0 17hPermanence t\u00e9l\u00e9phonique de 10h \u00e0 12h et de 14h \u00e0&hellip;<\/p>\n","protected":false},"author":1,"featured_media":0,"parent":0,"menu_order":0,"comment_status":"closed","ping_status":"closed","template":"","meta":{"footnotes":""},"class_list":["post-26","page","type-page","status-publish","hentry"],"_links":{"self":[{"href":"https:\/\/walterplanche-huissiers-strasbourg.fr\/index.php\/wp-json\/wp\/v2\/pages\/26","targetHints":{"allow":["GET"]}}],"collection":[{"href":"https:\/\/walterplanche-huissiers-strasbourg.fr\/index.php\/wp-json\/wp\/v2\/pages"}],"about":[{"href":"https:\/\/walterplanche-huissiers-strasbourg.fr\/index.php\/wp-json\/wp\/v2\/types\/page"}],"author":[{"embeddable":true,"href":"https:\/\/walterplanche-huissiers-strasbourg.fr\/index.php\/wp-json\/wp\/v2\/users\/1"}],"replies":[{"embeddable":true,"href":"https:\/\/walterplanche-huissiers-strasbourg.fr\/index.php\/wp-json\/wp\/v2\/comments?post=26"}],"version-history":[{"count":1,"href":"https:\/\/walterplanche-huissiers-strasbourg.fr\/index.php\/wp-json\/wp\/v2\/pages\/26\/revisions"}],"predecessor-version":[{"id":27,"href":"https:\/\/walterplanche-huissiers-strasbourg.fr\/index.php\/wp-json\/wp\/v2\/pages\/26\/revisions\/27"}],"wp:attachment":[{"href":"https:\/\/walterplanche-huissiers-strasbourg.fr\/index.php\/wp-json\/wp\/v2\/media?parent=26"}],"curies":[{"name":"wp","href":"https:\/\/api.w.org\/{rel}","templated":true}]}}